{"id":34,"date":"2016-08-19T17:12:22","date_gmt":"2016-08-19T17:12:22","guid":{"rendered":"https:\/\/alpsaquatics.ca\/?page_id=34"},"modified":"2025-08-05T21:33:52","modified_gmt":"2025-08-06T01:33:52","slug":"synchro-2","status":"publish","type":"page","link":"https:\/\/alpsaquatics.ca\/?page_id=34&lang=fr","title":{"rendered":"Natation Artistique"},"content":{"rendered":"\n<p>Bonjour \u00e0 toute la communaut\u00e9 ALPS,<\/p>\n\n\n\n<p>Nous sommes ravis de lancer la saison 2025 ! <\/p>\n\n\n\n<p>Vous trouverez ci-dessous les dates et lieux des prochaines comp\u00e9titions. Le programme d\u00e9taill\u00e9 et le calendrier de chaque \u00e9v\u00e9nement seront communiqu\u00e9s ult\u00e9rieurement.<\/p>\n\n\n\n<p>Team Finals: Jeudi, 14 ao\u00fbt VIKING<\/p>\n\n\n\n<p><a href=\"https:\/\/alpsaquatics.ca\/wp-content\/uploads\/Final_Draws_2025_TEAM.pdf\">Final Draws 2025 TEAMS<\/a><\/p>\n\n\n\n<p><a href=\"https:\/\/alpsaquatics.ca\/wp-content\/uploads\/Timeline-Team-Finals.pdf\">Timeline &#8211; Team Finals<\/a><br><\/p>\n\n\n\n<p>Solo &amp; Duet Competition: Mardi, 12 ao\u00fbt HYC<\/p>\n\n\n\n<p><a href=\"https:\/\/alpsaquatics.ca\/wp-content\/uploads\/French-Solo-Duet.pdf\" data-type=\"link\" data-id=\"https:\/\/alpsaquatics.ca\/wp-content\/uploads\/Heights-Synchro-Program-2025.pdf\">Programme Solo &amp; Duet 2025<\/a><\/p>\n\n\n\n<p><a href=\"https:\/\/alpsaquatics.ca\/wp-content\/uploads\/Timeline-Solo-and-Duet.pdf\">Timeline &#8211; Solos and Duets<\/a><\/p>\n\n\n\n<p><a href=\"https:\/\/alpsaquatics.ca\/wp-content\/uploads\/Final_Draws_2025_SOLO_DUET.pdf\">Final Draws 2025 SOLO AND DUET<\/a><\/p>\n\n\n\n<p>\u2022 Summer Swimmers Competition: Samedi, 2 ao\u00fbt HEIGHTS<\/p>\n\n\n\n<p><a href=\"https:\/\/alpsaquatics.ca\/wp-content\/uploads\/Heights-Synchro-Program-2025.pdf\" data-type=\"link\" data-id=\"https:\/\/alpsaquatics.ca\/wp-content\/uploads\/Heights-Synchro-Program-2025.pdf\">Programme Summer Swimmers 2025<\/a><br><br><a href=\"https:\/\/alpsaquatics.ca\/wp-content\/uploads\/AS-SS-2025.pdf\">RESULTATS Summer Swimmers 2025<\/a><\/p>\n\n\n\n<p><a href=\"https:\/\/alpsaquatics.ca\/wp-content\/uploads\/Timeline-Summer-Swimmers.pdf\">Timeline &#8211; Summer Swimmers<\/a><\/p>\n\n\n\n<p><a href=\"https:\/\/alpsaquatics.ca\/wp-content\/uploads\/Final_Draws_2025_SUMMER_SYNCHRO.pdf\">Final Draws 2025 SUMMER SYNCHRO<\/a><\/p>\n","protected":false},"excerpt":{"rendered":"<p>Bonjour \u00e0 toute la communaut\u00e9 ALPS, Nous sommes ravis de lancer la saison 2025 ! Vous trouverez ci-dessous les dates et lieux des prochaines comp\u00e9titions. Le programme d\u00e9taill\u00e9 et le calendrier de chaque \u00e9v\u00e9nement seront communiqu\u00e9s ult\u00e9rieurement. Team Finals: Jeudi, 14 ao\u00fbt VIKING Final Draws 2025 TEAMS Timeline &#8211; Team Finals Solo &amp; Duet Competition: &hellip; <a href=\"https:\/\/alpsaquatics.ca\/?page_id=34&#038;lang=fr\" class=\"more-link\">Continue reading <span class=\"screen-reader-text\">Natation Artistique<\/span> <span class=\"meta-nav\">&rarr;<\/span><\/a><\/p>\n","protected":false},"author":2,"featured_media":0,"parent":0,"menu_order":350,"comment_status":"closed","ping_status":"closed","template":"","meta":{"_monsterinsights_skip_tracking":false,"_monsterinsights_sitenote_active":false,"_monsterinsights_sitenote_note":"","_monsterinsights_sitenote_category":0,"footnotes":""},"class_list":["post-34","page","type-page","status-publish","hentry"],"_links":{"self":[{"href":"https:\/\/alpsaquatics.ca\/index.php?rest_route=\/wp\/v2\/pages\/34","targetHints":{"allow":["GET"]}}],"collection":[{"href":"https:\/\/alpsaquatics.ca\/index.php?rest_route=\/wp\/v2\/pages"}],"about":[{"href":"https:\/\/alpsaquatics.ca\/index.php?rest_route=\/wp\/v2\/types\/page"}],"author":[{"embeddable":true,"href":"https:\/\/alpsaquatics.ca\/index.php?rest_route=\/wp\/v2\/users\/2"}],"replies":[{"embeddable":true,"href":"https:\/\/alpsaquatics.ca\/index.php?rest_route=%2Fwp%2Fv2%2Fcomments&post=34"}],"version-history":[{"count":23,"href":"https:\/\/alpsaquatics.ca\/index.php?rest_route=\/wp\/v2\/pages\/34\/revisions"}],"predecessor-version":[{"id":3563,"href":"https:\/\/alpsaquatics.ca\/index.php?rest_route=\/wp\/v2\/pages\/34\/revisions\/3563"}],"wp:attachment":[{"href":"https:\/\/alpsaquatics.ca\/index.php?rest_route=%2Fwp%2Fv2%2Fmedia&parent=34"}],"curies":[{"name":"wp","href":"https:\/\/api.w.org\/{rel}","templated":true}]}}