{"id":243,"date":"2016-08-21T14:24:39","date_gmt":"2016-08-21T18:24:39","guid":{"rendered":"https:\/\/alpsaquatics.ca\/?page_id=243"},"modified":"2025-06-30T10:17:53","modified_gmt":"2025-06-30T14:17:53","slug":"swim-docs-fre","status":"publish","type":"page","link":"https:\/\/alpsaquatics.ca\/?page_id=243&lang=fr","title":{"rendered":"Documents de Natation"},"content":{"rendered":"<p><a href=\"https:\/\/alpsaquatics.ca\/wp-content\/uploads\/ALPs-rules-2019-FRE.pdf\">ALPs R\u00e8gles (en Fran\u00e7ais)<\/a><\/p>\n<p><a href=\"https:\/\/alpsaquatics.ca\/wp-content\/uploads\/ALPs-Dual-Meet-calculator-V2.67.zip\">ALPs Dual Meet Calculator (Version 2.67)<\/a><\/p>\n<p><a href=\"https:\/\/alpsaquatics.ca\/wp-content\/uploads\/2016\/08\/Dual-Meet-Referee-Checklist.pdf\">Dual Meet Referee Checklist<\/a><\/p>\n<p><a href=\"https:\/\/alpsaquatics.ca\/wp-content\/uploads\/Swim-meet-officials-list-2018.pdf\">Dual Meet Officials List<\/a><\/p>\n<p><a href=\"https:\/\/alpsaquatics.ca\/wp-content\/uploads\/2016\/08\/Dual-Meet-Event-List.pdf\">Dual Meet Event List<\/a><\/p>\n<p><a href=\"https:\/\/alpsaquatics.ca\/wp-content\/uploads\/ALPS-DQ-Reference.pdf\">ALPS Guide d&#8217;infraction &#8211; R\u00e9f\u00e9rence Rapide<\/a><\/p>\n<p><a href=\"https:\/\/alpsaquatics.ca\/wp-content\/uploads\/Disqualification-Form-ALPS.pdf\">ALPS formulaire de DQ<\/a><\/p>\n<p><a href=\"https:\/\/alpsaquatics.ca\/wp-content\/uploads\/2016\/08\/Dual-Meet-Relay-Sheet.pdf\">Dual Meet Relay Sheet<\/a><\/p>\n<p><a href=\"https:\/\/alpsaquatics.ca\/wp-content\/uploads\/Positive-check-in-slips.pdf\">Confirmation de Presence aux Championnats<\/a><\/p>\n<p><a href=\"https:\/\/alpsaquatics.ca\/wp-content\/uploads\/Scratch-forms-FRE.pdf\">Formulaires &#8220;scratch&#8221;<\/a><\/p>\n<p><a href=\"https:\/\/alpsaquatics.ca\/wp-content\/uploads\/Extra-heats.pdf\">D\u00e9parts suppl\u00e9mentaires<\/a><\/p>\n<p><a href=\"https:\/\/alpsaquatics.ca\/wp-content\/uploads\/Swimming-competition-requirements-FRE.pdf\">Les besoins pour une competition de natation<\/a><\/p>\n<p><a href=\"https:\/\/alpsaquatics.ca\/wp-content\/uploads\/Pool-depth-rules.pdf\">R\u00e8gle sur la profondeur des piscines<\/a><\/p>\n","protected":false},"excerpt":{"rendered":"<p>ALPs R\u00e8gles (en Fran\u00e7ais) ALPs Dual Meet Calculator (Version 2.67) Dual Meet Referee Checklist Dual Meet Officials List Dual Meet Event List ALPS Guide d&#8217;infraction &#8211; R\u00e9f\u00e9rence Rapide ALPS formulaire de DQ Dual Meet Relay Sheet Confirmation de Presence aux Championnats Formulaires &#8220;scratch&#8221; D\u00e9parts suppl\u00e9mentaires Les besoins pour une competition de natation R\u00e8gle sur la &hellip; <a href=\"https:\/\/alpsaquatics.ca\/?page_id=243&#038;lang=fr\" class=\"more-link\">Continue reading <span class=\"screen-reader-text\">Documents de Natation<\/span> <span class=\"meta-nav\">&rarr;<\/span><\/a><\/p>\n","protected":false},"author":2,"featured_media":0,"parent":30,"menu_order":40,"comment_status":"closed","ping_status":"closed","template":"","meta":{"_monsterinsights_skip_tracking":false,"_monsterinsights_sitenote_active":false,"_monsterinsights_sitenote_note":"","_monsterinsights_sitenote_category":0,"footnotes":""},"class_list":["post-243","page","type-page","status-publish","hentry"],"_links":{"self":[{"href":"https:\/\/alpsaquatics.ca\/index.php?rest_route=\/wp\/v2\/pages\/243","targetHints":{"allow":["GET"]}}],"collection":[{"href":"https:\/\/alpsaquatics.ca\/index.php?rest_route=\/wp\/v2\/pages"}],"about":[{"href":"https:\/\/alpsaquatics.ca\/index.php?rest_route=\/wp\/v2\/types\/page"}],"author":[{"embeddable":true,"href":"https:\/\/alpsaquatics.ca\/index.php?rest_route=\/wp\/v2\/users\/2"}],"replies":[{"embeddable":true,"href":"https:\/\/alpsaquatics.ca\/index.php?rest_route=%2Fwp%2Fv2%2Fcomments&post=243"}],"version-history":[{"count":42,"href":"https:\/\/alpsaquatics.ca\/index.php?rest_route=\/wp\/v2\/pages\/243\/revisions"}],"predecessor-version":[{"id":3444,"href":"https:\/\/alpsaquatics.ca\/index.php?rest_route=\/wp\/v2\/pages\/243\/revisions\/3444"}],"up":[{"embeddable":true,"href":"https:\/\/alpsaquatics.ca\/index.php?rest_route=\/wp\/v2\/pages\/30"}],"wp:attachment":[{"href":"https:\/\/alpsaquatics.ca\/index.php?rest_route=%2Fwp%2Fv2%2Fmedia&parent=243"}],"curies":[{"name":"wp","href":"https:\/\/api.w.org\/{rel}","templated":true}]}}