{"id":214,"date":"2016-08-20T20:30:55","date_gmt":"2016-08-20T20:30:55","guid":{"rendered":"https:\/\/alpsaquatics.ca\/?page_id=214"},"modified":"2017-06-29T10:15:00","modified_gmt":"2017-06-29T14:15:00","slug":"a-propos-dalps","status":"publish","type":"page","link":"https:\/\/alpsaquatics.ca\/?page_id=214&lang=fr","title":{"rendered":"\u00c0 Propos de ALPs"},"content":{"rendered":"<p>L\u2019Association des piscines du Lakeshore (ALPs) a \u00e9t\u00e9 fond\u00e9e en 1958 par quatre piscines communautaires. Le but du regroupement \u00e9tait de partager ses connaissances et comp\u00e9tences respectives dans les domaines de la : s\u00e9curit\u00e9 aquatique, la gestion des normes, le traitement des eaux et la gestion de programmes aquatiques.<\/p>\n<p>Avec l\u2019augmentation de la population et l\u2019int\u00e9r\u00eat grandissant pour la natation, ALPs a vu son nombre de membres grandir pour atteindre maintenant 22 piscines.<\/p>\n<p>Ce d\u00e9veloppement s\u2019est \u00e9galement r\u00e9alis\u00e9 en y int\u00e9grant le water-polo, la nage synchronis\u00e9e et le plongeon.<\/p>\n<p>La philosophie de ALPs pourrait se r\u00e9sumer ainsi :<\/p>\n<p>\u00ab Dans une comp\u00e9tition, parce qu\u2019il en est ainsi, il y a toujours un gagnant et un perdant. Il n\u2019y a rien de g\u00eanant \u00e0 vouloir gagner, nous aimons tous gagner. Mais quand gagner nous fait oublier l\u2019esprit sportif et l\u2019importance de participer, nous sommes alors tous perdants : les athl\u00e8tes, les clubs et toute la communaut\u00e9 ALPs.\u00bb<\/p>\n","protected":false},"excerpt":{"rendered":"<p>L\u2019Association des piscines du Lakeshore (ALPs) a \u00e9t\u00e9 fond\u00e9e en 1958 par quatre piscines communautaires. Le but du regroupement \u00e9tait de partager ses connaissances et comp\u00e9tences respectives dans les domaines de la : s\u00e9curit\u00e9 aquatique, la gestion des normes, le traitement des eaux et la gestion de programmes aquatiques. Avec l\u2019augmentation de la population et &hellip; <a href=\"https:\/\/alpsaquatics.ca\/?page_id=214&#038;lang=fr\" class=\"more-link\">Continue reading <span class=\"screen-reader-text\">\u00c0 Propos de ALPs<\/span> <span class=\"meta-nav\">&rarr;<\/span><\/a><\/p>\n","protected":false},"author":2,"featured_media":0,"parent":0,"menu_order":905,"comment_status":"closed","ping_status":"closed","template":"","meta":{"_monsterinsights_skip_tracking":false,"_monsterinsights_sitenote_active":false,"_monsterinsights_sitenote_note":"","_monsterinsights_sitenote_category":0,"footnotes":""},"class_list":["post-214","page","type-page","status-publish","hentry"],"_links":{"self":[{"href":"https:\/\/alpsaquatics.ca\/index.php?rest_route=\/wp\/v2\/pages\/214","targetHints":{"allow":["GET"]}}],"collection":[{"href":"https:\/\/alpsaquatics.ca\/index.php?rest_route=\/wp\/v2\/pages"}],"about":[{"href":"https:\/\/alpsaquatics.ca\/index.php?rest_route=\/wp\/v2\/types\/page"}],"author":[{"embeddable":true,"href":"https:\/\/alpsaquatics.ca\/index.php?rest_route=\/wp\/v2\/users\/2"}],"replies":[{"embeddable":true,"href":"https:\/\/alpsaquatics.ca\/index.php?rest_route=%2Fwp%2Fv2%2Fcomments&post=214"}],"version-history":[{"count":8,"href":"https:\/\/alpsaquatics.ca\/index.php?rest_route=\/wp\/v2\/pages\/214\/revisions"}],"predecessor-version":[{"id":1143,"href":"https:\/\/alpsaquatics.ca\/index.php?rest_route=\/wp\/v2\/pages\/214\/revisions\/1143"}],"wp:attachment":[{"href":"https:\/\/alpsaquatics.ca\/index.php?rest_route=%2Fwp%2Fv2%2Fmedia&parent=214"}],"curies":[{"name":"wp","href":"https:\/\/api.w.org\/{rel}","templated":true}]}}